{"id":6758,"date":"2022-08-24T21:03:02","date_gmt":"2022-08-24T21:03:02","guid":{"rendered":"https:\/\/levadura.com\/?page_id=6758"},"modified":"2024-02-28T21:55:39","modified_gmt":"2024-02-28T21:55:39","slug":"privacy-policy","status":"publish","type":"page","link":"https:\/\/levadura.com\/en\/privacy-policy\/","title":{"rendered":"Privacy policy"},"content":{"rendered":"\n<p>ESTUDIO CORP, S.C.,&nbsp; en lo subsiguiente LEVADURA\u00ae, con domicilio en Vasconcelos 200-D, Col. Tampiquito, San Pedro Garza Garc\u00eda, Nuevo Le\u00f3n, es responsable del tratamiento de sus datos personales.<\/p>\n\n\n\n<p>Para tales efectos, los datos personales que ser\u00e1n sometidos a su tratamiento son:<\/p>\n\n\n\n<p>Datos personales:<\/p>\n\n\n\n<ul class=\"wp-block-list\">\n<li>Nombre completo y apellidos<\/li>\n<\/ul>\n\n\n\n<p>Datos de empresa:<\/p>\n\n\n\n<ul class=\"wp-block-list\">\n<li>Nombre o raz\u00f3n social<\/li>\n\n\n\n<li>RFC<\/li>\n\n\n\n<li>Domicilio<\/li>\n\n\n\n<li>N\u00famero telef\u00f3nico<\/li>\n\n\n\n<li>Correo electr\u00f3nico de su trabajo<\/li>\n<\/ul>\n\n\n\n<p>Ninguna de esta informaci\u00f3n es considerada como Datos Sensibles en los t\u00e9rminos se\u00f1alados en la Fracci\u00f3n VI del Art\u00edculo 3ro.de la Ley Federal de Protecci\u00f3n de Datos Personales en Posesi\u00f3n de los Particulares.<\/p>\n\n\n\n<p>Se hace del conocimiento del Titular que sus Datos Personales ser\u00e1n utilizados exclusivamente para proveerle productos y servicios de \u201cLEVADURA\u00ae\u201d, informarle sobre nuevos productos o servicios de \u201cLEVADURA\u00ae\u201d, cambios en los mismos, mensajes promocionales, mercadol\u00f3gicos, publicitarios o de prospecci\u00f3n comercial y evaluar la calidad del servicio brindado.<\/p>\n\n\n\n<p>Usted tiene derecho de acceder, rectificar y cancelar sus datos personales, as\u00ed como de oponerse al tratamiento de los mismos para aquellas finalidades que no son necesarias, ni hayan dado origen a la relaci\u00f3n jur\u00eddica con \u201cLEVADURA\u00ae\u201d, o revocar el consentimiento que para tal fin nos haya otorgado. S\u00f3lo env\u00ede su solicitud mediante una nota electr\u00f3nica al correo <a href=\"mailto:\" target=\"_blank\" rel=\"noreferrer noopener\">hola@levadura.mx<\/a> en el que atenderemos y resolveremos su petici\u00f3n conforme a la Ley.<\/p>\n\n\n\n<p>Si en el ejercicio de su derecho de cancelaci\u00f3n, solicita que sus datos sean eliminados de nuestras bases de datos, es importante se\u00f1alar que seguir\u00e1n en nuestros sistemas, hasta en tanto no se extingan las acciones que pudieran derivar de nuestra relaci\u00f3n jur\u00eddica, en el que ser\u00e1n conservados exclusivamente para efectos de las responsabilidades emanadas de su tratamiento.<\/p>\n\n\n\n<p>Asimismo, le informamos que debido a que la venta, dise\u00f1o y soporte de nuestros productos se realiza a trav\u00e9s de nuestros socios de negocio ubicados en R\u00edo Misisipi #49 Piso 14, Cuauht\u00e9moc, 06500 Ciudad de M\u00e9xico, sus datos personales pueden ser transferidos a alguno de ellos, considerando estos actos como Remisi\u00f3n de la informaci\u00f3n en los t\u00e9rminos de la Fracci\u00f3n IX del Art\u00edculo 2do.del Reglamento de la Ley Federal de Protecci\u00f3n de Datos Personales en Posesi\u00f3n de los Particulares, siendo aplicable lo dispuesto por los Art\u00edculos 10 Fracci\u00f3n IV y 37 Fracciones IV y VII de la Ley y el Art\u00edculo 53 del Reglamento.<\/p>\n\n\n\n<p>Para el tratamiento de sus datos personales se han establecido y se mantienen medidas de seguridad administrativas, t\u00e9cnicas y f\u00edsicas, que permiten proteger sus datos personales; que no son menores a las que se mantienen para el manejo de nuestra propia informaci\u00f3n.<\/p>\n\n\n\n<p>Todo tratamiento de datos personales estar\u00e1 sujeto al consentimiento de su titular, salvo las excepciones establecidas en la Ley de la materia y su reglamento. Advertimos que de conformidad con el Art\u00edculo 8vo.de la Ley Federal de Protecci\u00f3n de Datos Personales en Posesi\u00f3n de los Particulares, el titular consiente t\u00e1citamente el tratamiento de sus datos personales, si no manifiesta su oposici\u00f3n.<\/p>\n\n\n\n<p>Cualquier modificaci\u00f3n a este aviso de privacidad podr\u00e1 consultarla en este mismo medio.<\/p>\n\n\n\n<p>DEFINICION DE HERRAMIENTAS UTILIZABLES EN INTERNET:<\/p>\n\n\n\n<p>Cookies: Son un archivo de datos que se almacena en el disco duro del equipo de c\u00f3mputo o del dispositivo de comunicaciones electr\u00f3nicas de un usuario al navegar en un sitio de Internet espec\u00edfico, el cual permite intercambiar informaci\u00f3n de estado entre dicho sitio y el navegador del usuario. La informaci\u00f3n de estado puede revelar medios de identificaci\u00f3n de sesi\u00f3n, autenticaci\u00f3n o preferencias del usuario, as\u00ed como cualquier otro dato almacenado por el navegador respecto al sitio de Internet.<\/p>\n\n\n\n<p>Web beacons: Son una imagen visible u oculta insertada dentro de un sitio web o correo electr\u00f3nico, que se utiliza para monitorear el comportamiento del usuario en estos medios. A trav\u00e9s de \u00e9stos se puede obtener informaci\u00f3n como la direcci\u00f3n IP de origen, navegador utilizado, sistema operativo, momento en que se accedi\u00f3 a la p\u00e1gina, y en el caso del correo electr\u00f3nico, la asociaci\u00f3n de los datos anteriores con el destinatario.<\/p>\n\n\n\n<p>Listado de exclusi\u00f3n: Es una base de datos que tiene por objeto registrar, de manera gratuita, a aqu\u00e9llos titulares que no quieran que su informaci\u00f3n sea tratada por el responsable para ciertas finalidades, con el objeto de que el responsable evite dichos tratamientos.<\/p>\n\n\n\n<p>Se le informa al titular de datos personales sobre el derecho que le asiste para acudir al Instituto Federal de Acceso a la Informaci\u00f3n y Protecci\u00f3n de Datos en caso de considerar que su derecho a la protecci\u00f3n de datos personales ha sido vulnerado. Para mayor informaci\u00f3n, le sugerimos visitar su p\u00e1gina oficial de Internet www.ifai.org.mx.<\/p>\n\n\n\n<p>Fecha \u00faltima actualizaci\u00f3n 22\/04\/2021<\/p>\n","protected":false},"excerpt":{"rendered":"<p>ESTUDIO CORP, S.C.,&nbsp; en lo subsiguiente LEVADURA\u00ae, con domicilio en Vasconcelos 200-D, Col. Tampiquito, San Pedro Garza Garc\u00eda, Nuevo Le\u00f3n, es responsable del tratamiento de sus datos personales. Para tales efectos, los datos personales que ser\u00e1n sometidos a su tratamiento son: Datos personales: Datos de empresa: Ninguna de esta informaci\u00f3n es considerada como Datos Sensibles [&hellip;]<\/p>\n","protected":false},"author":1,"featured_media":0,"parent":0,"menu_order":0,"comment_status":"closed","ping_status":"closed","template":"page-simple.php","meta":{"_acf_changed":false,"_eb_attr":"","footnotes":""},"class_list":["post-6758","page","type-page","status-publish","hentry"],"acf":[],"yoast_head":"<!-- This site is optimized with the Yoast SEO plugin v23.3 - https:\/\/yoast.com\/wordpress\/plugins\/seo\/ -->\n<title>Privacy policy - Levadura Agencia<\/title>\n<meta name=\"robots\" content=\"index, follow, max-snippet:-1, max-image-preview:large, max-video-preview:-1\" \/>\n<link rel=\"canonical\" href=\"https:\/\/levadura.com\/en\/privacy-policy\/\" \/>\n<meta property=\"og:locale\" content=\"en_US\" \/>\n<meta property=\"og:type\" content=\"article\" \/>\n<meta property=\"og:title\" content=\"Privacy policy - Levadura Agencia\" \/>\n<meta property=\"og:description\" content=\"ESTUDIO CORP, S.C.,&nbsp; en lo subsiguiente LEVADURA\u00ae, con domicilio en Vasconcelos 200-D, Col. Tampiquito, San Pedro Garza Garc\u00eda, Nuevo Le\u00f3n, es responsable del tratamiento de sus datos personales. Para tales efectos, los datos personales que ser\u00e1n sometidos a su tratamiento son: Datos personales: Datos de empresa: Ninguna de esta informaci\u00f3n es considerada como Datos Sensibles [&hellip;]\" \/>\n<meta property=\"og:url\" content=\"https:\/\/levadura.com\/en\/privacy-policy\/\" \/>\n<meta property=\"og:site_name\" content=\"Levadura Agencia\" \/>\n<meta property=\"article:publisher\" content=\"https:\/\/www.facebook.com\/levaduraagencia\" \/>\n<meta property=\"article:modified_time\" content=\"2024-02-28T21:55:39+00:00\" \/>\n<meta property=\"og:image\" content=\"https:\/\/levadura.com\/wp-content\/uploads\/2023\/01\/captura-de-pantalla-2023-01-27-a-las-95218.png\" \/>\n\t<meta property=\"og:image:width\" content=\"1404\" \/>\n\t<meta property=\"og:image:height\" content=\"758\" \/>\n\t<meta property=\"og:image:type\" content=\"image\/png\" \/>\n<meta name=\"twitter:card\" content=\"summary_large_image\" \/>\n<meta name=\"twitter:site\" content=\"@levaduraagencia\" \/>\n<meta name=\"twitter:label1\" content=\"Est. reading time\" \/>\n\t<meta name=\"twitter:data1\" content=\"4 minutes\" \/>\n<script type=\"application\/ld+json\" class=\"yoast-schema-graph\">{\"@context\":\"https:\/\/schema.org\",\"@graph\":[{\"@type\":\"WebPage\",\"@id\":\"https:\/\/levadura.com\/en\/privacy-policy\/\",\"url\":\"https:\/\/levadura.com\/en\/privacy-policy\/\",\"name\":\"Privacy policy - Levadura Agencia\",\"isPartOf\":{\"@id\":\"https:\/\/levadura.com\/#website\"},\"datePublished\":\"2022-08-24T21:03:02+00:00\",\"dateModified\":\"2024-02-28T21:55:39+00:00\",\"inLanguage\":\"en-US\",\"potentialAction\":[{\"@type\":\"ReadAction\",\"target\":[\"https:\/\/levadura.com\/en\/privacy-policy\/\"]}]},{\"@type\":\"WebSite\",\"@id\":\"https:\/\/levadura.com\/#website\",\"url\":\"https:\/\/levadura.com\/\",\"name\":\"Levadura Agencia\",\"description\":\"\",\"potentialAction\":[{\"@type\":\"SearchAction\",\"target\":{\"@type\":\"EntryPoint\",\"urlTemplate\":\"https:\/\/levadura.com\/?s={search_term_string}\"},\"query-input\":\"required name=search_term_string\"}],\"inLanguage\":\"en-US\"}]}<\/script>\n<!-- \/ Yoast SEO plugin. -->","yoast_head_json":{"title":"Privacy policy - Levadura Agencia","robots":{"index":"index","follow":"follow","max-snippet":"max-snippet:-1","max-image-preview":"max-image-preview:large","max-video-preview":"max-video-preview:-1"},"canonical":"https:\/\/levadura.com\/en\/privacy-policy\/","og_locale":"en_US","og_type":"article","og_title":"Privacy policy - Levadura Agencia","og_description":"ESTUDIO CORP, S.C.,&nbsp; en lo subsiguiente LEVADURA\u00ae, con domicilio en Vasconcelos 200-D, Col. Tampiquito, San Pedro Garza Garc\u00eda, Nuevo Le\u00f3n, es responsable del tratamiento de sus datos personales. Para tales efectos, los datos personales que ser\u00e1n sometidos a su tratamiento son: Datos personales: Datos de empresa: Ninguna de esta informaci\u00f3n es considerada como Datos Sensibles [&hellip;]","og_url":"https:\/\/levadura.com\/en\/privacy-policy\/","og_site_name":"Levadura Agencia","article_publisher":"https:\/\/www.facebook.com\/levaduraagencia","article_modified_time":"2024-02-28T21:55:39+00:00","og_image":[{"width":1404,"height":758,"url":"https:\/\/levadura.com\/wp-content\/uploads\/2023\/01\/captura-de-pantalla-2023-01-27-a-las-95218.png","type":"image\/png"}],"twitter_card":"summary_large_image","twitter_site":"@levaduraagencia","twitter_misc":{"Est. reading time":"4 minutes"},"schema":{"@context":"https:\/\/schema.org","@graph":[{"@type":"WebPage","@id":"https:\/\/levadura.com\/en\/privacy-policy\/","url":"https:\/\/levadura.com\/en\/privacy-policy\/","name":"Privacy policy - Levadura Agencia","isPartOf":{"@id":"https:\/\/levadura.com\/#website"},"datePublished":"2022-08-24T21:03:02+00:00","dateModified":"2024-02-28T21:55:39+00:00","inLanguage":"en-US","potentialAction":[{"@type":"ReadAction","target":["https:\/\/levadura.com\/en\/privacy-policy\/"]}]},{"@type":"WebSite","@id":"https:\/\/levadura.com\/#website","url":"https:\/\/levadura.com\/","name":"Levadura Agencia","description":"","potentialAction":[{"@type":"SearchAction","target":{"@type":"EntryPoint","urlTemplate":"https:\/\/levadura.com\/?s={search_term_string}"},"query-input":"required name=search_term_string"}],"inLanguage":"en-US"}]}},"_links":{"self":[{"href":"https:\/\/levadura.com\/en\/wp-json\/wp\/v2\/pages\/6758","targetHints":{"allow":["GET"]}}],"collection":[{"href":"https:\/\/levadura.com\/en\/wp-json\/wp\/v2\/pages"}],"about":[{"href":"https:\/\/levadura.com\/en\/wp-json\/wp\/v2\/types\/page"}],"author":[{"embeddable":true,"href":"https:\/\/levadura.com\/en\/wp-json\/wp\/v2\/users\/1"}],"replies":[{"embeddable":true,"href":"https:\/\/levadura.com\/en\/wp-json\/wp\/v2\/comments?post=6758"}],"version-history":[{"count":1,"href":"https:\/\/levadura.com\/en\/wp-json\/wp\/v2\/pages\/6758\/revisions"}],"predecessor-version":[{"id":6759,"href":"https:\/\/levadura.com\/en\/wp-json\/wp\/v2\/pages\/6758\/revisions\/6759"}],"wp:attachment":[{"href":"https:\/\/levadura.com\/en\/wp-json\/wp\/v2\/media?parent=6758"}],"curies":[{"name":"wp","href":"https:\/\/api.w.org\/{rel}","templated":true}]}}